{"id":41,"date":"2022-03-21T12:01:33","date_gmt":"2022-03-21T12:01:33","guid":{"rendered":"http:\/\/genrontrucktrailer.com\/?page_id=41"},"modified":"2024-03-22T06:34:30","modified_gmt":"2024-03-22T06:34:30","slug":"sobre-nos","status":"publish","type":"page","link":"https:\/\/genrontrucktrailer.com\/pt\/about-us\/","title":{"rendered":"Sobre n\u00f3s"},"content":{"rendered":"<div data-elementor-type=\"wp-page\" data-elementor-id=\"41\" class=\"elementor elementor-41\" data-elementor-post-type=\"page\">\n\t\t\t\t\t\t<section class=\"elementor-section elementor-top-section elementor-element elementor-element-d34abf8 elementor-section-boxed elementor-section-height-default elementor-section-height-default\" data-id=\"d34abf8\" data-element_type=\"section\" data-e-type=\"section\" data-settings=\"{&quot;background_background&quot;:&quot;classic&quot;}\">\n\t\t\t\t\t\t<div class=\"elementor-container elementor-column-gap-default\">\n\t\t\t\t\t<div class=\"elementor-column elementor-col-100 elementor-top-column elementor-element elementor-element-c605f4f\" data-id=\"c605f4f\" data-element_type=\"column\" data-e-type=\"column\">\n\t\t\t<div class=\"elementor-widget-wrap elementor-element-populated\">\n\t\t\t\t\t\t<div class=\"elementor-element elementor-element-4f701b5 elementor-align-center elementor-widget elementor-widget-breadcrumbs\" data-id=\"4f701b5\" data-element_type=\"widget\" data-e-type=\"widget\" data-widget_type=\"breadcrumbs.default\">\n\t\t\t\t<div class=\"elementor-widget-container\">\n\t\t\t\t\t<p id=\"breadcrumbs\"><span><span><a href=\"https:\/\/genrontrucktrailer.com\/ar\/\">In\u00edcio<\/a><\/span><\/span><\/p>\t\t\t\t<\/div>\n\t\t\t\t<\/div>\n\t\t\t\t\t<\/div>\n\t\t<\/div>\n\t\t\t\t\t<\/div>\n\t\t<\/section>\n\t\t\t\t<section class=\"elementor-section elementor-top-section elementor-element elementor-element-f49685d elementor-section-boxed elementor-section-height-default elementor-section-height-default\" data-id=\"f49685d\" data-element_type=\"section\" data-e-type=\"section\">\n\t\t\t\t\t\t<div class=\"elementor-container elementor-column-gap-default\">\n\t\t\t\t\t<div class=\"elementor-column elementor-col-100 elementor-top-column elementor-element elementor-element-0b7ea50\" data-id=\"0b7ea50\" data-element_type=\"column\" data-e-type=\"column\">\n\t\t\t<div class=\"elementor-widget-wrap elementor-element-populated\">\n\t\t\t\t\t\t<div class=\"elementor-element elementor-element-a6e8cee elementor-widget elementor-widget-heading\" data-id=\"a6e8cee\" data-element_type=\"widget\" data-e-type=\"widget\" data-widget_type=\"heading.default\">\n\t\t\t\t<div class=\"elementor-widget-container\">\n\t\t\t\t\t<h2 class=\"elementor-heading-title elementor-size-default\">Porqu\u00ea o Genron International Trade\u00ae?<\/h2>\t\t\t\t<\/div>\n\t\t\t\t<\/div>\n\t\t\t\t<div class=\"elementor-element elementor-element-9a856ed elementor-widget-divider--view-line_icon elementor-view-default elementor-widget-divider--element-align-center elementor-widget elementor-widget-divider\" data-id=\"9a856ed\" data-element_type=\"widget\" data-e-type=\"widget\" data-widget_type=\"divider.default\">\n\t\t\t\t<div class=\"elementor-widget-container\">\n\t\t\t\t\t\t\t<div class=\"elementor-divider\">\n\t\t\t<span class=\"elementor-divider-separator\">\n\t\t\t\t\t\t\t<div class=\"elementor-icon elementor-divider__element\">\n\t\t\t\t\t<i aria-hidden=\"true\" class=\"far fa-gem\"><\/i><\/div>\n\t\t\t\t\t\t<\/span>\n\t\t<\/div>\n\t\t\t\t\t\t<\/div>\n\t\t\t\t<\/div>\n\t\t\t\t<div class=\"elementor-element elementor-element-c7f237d elementor-widget elementor-widget-text-editor\" data-id=\"c7f237d\" data-element_type=\"widget\" data-e-type=\"widget\" data-widget_type=\"text-editor.default\">\n\t\t\t\t<div class=\"elementor-widget-container\">\n\t\t\t\t\t\t\t\t\t<p>Qingdao Genron International Trade Co., Ltd \u00e9 um exportador l\u00edder especializado em uma ampla gama de reboques, pe\u00e7as de reboque, m\u00e1quinas de solda manual, m\u00e1quinas de solda autom\u00e1tica e linhas de produ\u00e7\u00e3o de reboque completo. Com um legado de mais de duas d\u00e9cadas, orgulhamo-nos das nossas pr\u00f3prias instala\u00e7\u00f5es de fabrico dedicadas \u00e0 produ\u00e7\u00e3o de reboques de alta qualidade.<\/p><p>Ao leme est\u00e1 a nossa CEO, Sra. Zhao, que traz 15 anos de vasta experi\u00eancia na exporta\u00e7\u00e3o de cami\u00f5es de constru\u00e7\u00e3o e reboques. A sua experi\u00eancia \u00e9 apoiada pelas suas visitas a mais de 30 pa\u00edses para se aprofundar nos mercados de cami\u00f5es de reboque em todo o mundo. Esta vis\u00e3o global garante que fornecemos os produtos mais adequados, alinhados com as exig\u00eancias \u00fanicas de cada mercado, fornecendo rapidamente qualidade e valor excecional.<\/p><p>A nossa miss\u00e3o \u00e9 fornecer aos nossos clientes os produtos certos no mais curto espa\u00e7o de tempo poss\u00edvel, garantindo a melhor qualidade e o m\u00e1ximo valor. Entendemos as necessidades espec\u00edficas de cada mercado, o que nos permite oferecer solu\u00e7\u00f5es personalizadas que atendam com precis\u00e3o \u00e0s exig\u00eancias dos nossos clientes. Quer se trate de maquinaria de soldadura manual tradicional ou da mais recente tecnologia de soldadura autom\u00e1tica, a Genron est\u00e1 na vanguarda do fornecimento de solu\u00e7\u00f5es avan\u00e7adas que aumentam a efici\u00eancia das linhas de produ\u00e7\u00e3o dos nossos clientes.<\/p><p>Na Qingdao Genron International Trade Co., Ltd, valorizamos n\u00e3o s\u00f3 a qualidade e a inova\u00e7\u00e3o dos nossos produtos, mas tamb\u00e9m a import\u00e2ncia da comunica\u00e7\u00e3o intercultural. Com a rica experi\u00eancia da Sra. Zhao no com\u00e9rcio internacional e um profundo conhecimento da din\u00e2mica do mercado, a nossa equipa est\u00e1 empenhada em construir parcerias a longo prazo, garantindo que os nossos clientes mantenham uma vantagem competitiva num mercado ferozmente competitivo.<\/p><p>Escolher a Qingdao Genron International Trade Co., Ltd significa optar por um parceiro fi\u00e1vel dedicado ao crescimento m\u00fatuo e \u00e0 explora\u00e7\u00e3o de produtos e solu\u00e7\u00f5es inovadores que satisfa\u00e7am as exig\u00eancias do mercado. N\u00e3o importa qu\u00e3o \u00fanicas sejam as suas necessidades, temos a capacidade de fornecer produtos e servi\u00e7os de alta qualidade que excedem as suas expectativas.<\/p>\t\t\t\t\t\t\t\t<\/div>\n\t\t\t\t<\/div>\n\t\t\t\t<div class=\"elementor-element elementor-element-cb66bdf elementor-widget elementor-widget-video\" data-id=\"cb66bdf\" data-element_type=\"widget\" data-e-type=\"widget\" data-settings=\"{&quot;youtube_url&quot;:&quot;https:\\\/\\\/youtu.be\\\/zxrYDG9mLE0&quot;,&quot;video_type&quot;:&quot;youtube&quot;,&quot;controls&quot;:&quot;yes&quot;}\" data-widget_type=\"video.default\">\n\t\t\t\t<div class=\"elementor-widget-container\">\n\t\t\t\t\t\t\t<div class=\"elementor-wrapper elementor-open-inline\">\n\t\t\t<div class=\"elementor-video\"><\/div>\t\t<\/div>\n\t\t\t\t\t\t<\/div>\n\t\t\t\t<\/div>\n\t\t\t\t\t<\/div>\n\t\t<\/div>\n\t\t\t\t\t<\/div>\n\t\t<\/section>\n\t\t\t\t<section class=\"elementor-section elementor-top-section elementor-element elementor-element-4d8471f elementor-section-boxed elementor-section-height-default elementor-section-height-default\" data-id=\"4d8471f\" data-element_type=\"section\" data-e-type=\"section\" data-settings=\"{&quot;background_background&quot;:&quot;classic&quot;}\">\n\t\t\t\t\t\t<div class=\"elementor-container elementor-column-gap-default\">\n\t\t\t\t\t<div class=\"elementor-column elementor-col-100 elementor-top-column elementor-element elementor-element-09e7b12\" data-id=\"09e7b12\" data-element_type=\"column\" data-e-type=\"column\">\n\t\t\t<div class=\"elementor-widget-wrap elementor-element-populated\">\n\t\t\t\t\t\t<div class=\"elementor-element elementor-element-d051f4c elementor-widget elementor-widget-heading\" data-id=\"d051f4c\" data-element_type=\"widget\" data-e-type=\"widget\" data-widget_type=\"heading.default\">\n\t\t\t\t<div class=\"elementor-widget-container\">\n\t\t\t\t\t<h2 class=\"elementor-heading-title elementor-size-default\">Informa\u00e7\u00f5es de f\u00e1brica<\/h2>\t\t\t\t<\/div>\n\t\t\t\t<\/div>\n\t\t\t\t<div class=\"elementor-element elementor-element-9ca0e12 elementor-widget-divider--view-line_icon elementor-view-default elementor-widget-divider--element-align-center elementor-widget elementor-widget-divider\" data-id=\"9ca0e12\" data-element_type=\"widget\" data-e-type=\"widget\" data-widget_type=\"divider.default\">\n\t\t\t\t<div class=\"elementor-widget-container\">\n\t\t\t\t\t\t\t<div class=\"elementor-divider\">\n\t\t\t<span class=\"elementor-divider-separator\">\n\t\t\t\t\t\t\t<div class=\"elementor-icon elementor-divider__element\">\n\t\t\t\t\t<i aria-hidden=\"true\" class=\"far fa-gem\"><\/i><\/div>\n\t\t\t\t\t\t<\/span>\n\t\t<\/div>\n\t\t\t\t\t\t<\/div>\n\t\t\t\t<\/div>\n\t\t\t\t<div class=\"elementor-element elementor-element-5ded116 elementor-widget elementor-widget-gallery\" data-id=\"5ded116\" data-element_type=\"widget\" data-e-type=\"widget\" data-settings=\"{&quot;columns&quot;:3,&quot;lazyload&quot;:&quot;yes&quot;,&quot;gallery_layout&quot;:&quot;grid&quot;,&quot;columns_tablet&quot;:2,&quot;columns_mobile&quot;:1,&quot;gap&quot;:{&quot;unit&quot;:&quot;px&quot;,&quot;size&quot;:10,&quot;sizes&quot;:[]},&quot;gap_tablet&quot;:{&quot;unit&quot;:&quot;px&quot;,&quot;size&quot;:10,&quot;sizes&quot;:[]},&quot;gap_mobile&quot;:{&quot;unit&quot;:&quot;px&quot;,&quot;size&quot;:10,&quot;sizes&quot;:[]},&quot;aspect_ratio&quot;:&quot;3:2&quot;,&quot;overlay_background&quot;:&quot;yes&quot;,&quot;content_hover_animation&quot;:&quot;fade-in&quot;}\" data-widget_type=\"gallery.default\">\n\t\t\t\t<div class=\"elementor-widget-container\">\n\t\t\t\t\t\t\t<div class=\"elementor-gallery__container\">\n\t\t\t\t\t\t\t<div class=\"e-gallery-item elementor-gallery-item elementor-animated-content\">\n\t\t\t\t\t<div class=\"e-gallery-image elementor-gallery-item__image\" data-thumbnail=\"https:\/\/genrontrucktrailer.com\/wp-content\/uploads\/2022\/03\/9.jpg\" data-width=\"650\" data-height=\"433\" aria-label=\"Linha de produ\u00e7\u00e3o de reboques Qingdao Genron com cilindros\" role=\"img\" ><\/div>\n\t\t\t\t\t\t\t\t\t\t\t<div class=\"elementor-gallery-item__overlay\"><\/div>\n\t\t\t\t\t\t\t\t\t\t\t\t\t\t<\/div>\n\t\t\t\t\t\t\t<div class=\"e-gallery-item elementor-gallery-item elementor-animated-content\">\n\t\t\t\t\t<div class=\"e-gallery-image elementor-gallery-item__image\" data-thumbnail=\"https:\/\/genrontrucktrailer.com\/wp-content\/uploads\/2022\/03\/1-1.jpg\" data-width=\"650\" data-height=\"487\" aria-label=\"Vista exterior da f\u00e1brica Qingdao Genron com reboques de carga\" role=\"img\" ><\/div>\n\t\t\t\t\t\t\t\t\t\t\t<div class=\"elementor-gallery-item__overlay\"><\/div>\n\t\t\t\t\t\t\t\t\t\t\t\t\t\t<\/div>\n\t\t\t\t\t\t\t<div class=\"e-gallery-item elementor-gallery-item elementor-animated-content\">\n\t\t\t\t\t<div class=\"e-gallery-image elementor-gallery-item__image\" data-thumbnail=\"https:\/\/genrontrucktrailer.com\/wp-content\/uploads\/2022\/03\/2.jpg\" data-width=\"650\" data-height=\"487\" aria-label=\"Variedade de reboques-cisterna Qingdao Genron estacionados no exterior\" role=\"img\" ><\/div>\n\t\t\t\t\t\t\t\t\t\t\t<div class=\"elementor-gallery-item__overlay\"><\/div>\n\t\t\t\t\t\t\t\t\t\t\t\t\t\t<\/div>\n\t\t\t\t\t\t\t<div class=\"e-gallery-item elementor-gallery-item elementor-animated-content\">\n\t\t\t\t\t<div class=\"e-gallery-image elementor-gallery-item__image\" data-thumbnail=\"https:\/\/genrontrucktrailer.com\/wp-content\/uploads\/2022\/03\/3.jpg\" data-width=\"650\" data-height=\"487\" aria-label=\"Variedade de reboques-cisterna Qingdao Genron estacionados no exterior\" role=\"img\" ><\/div>\n\t\t\t\t\t\t\t\t\t\t\t<div class=\"elementor-gallery-item__overlay\"><\/div>\n\t\t\t\t\t\t\t\t\t\t\t\t\t\t<\/div>\n\t\t\t\t\t\t\t<div class=\"e-gallery-item elementor-gallery-item elementor-animated-content\">\n\t\t\t\t\t<div class=\"e-gallery-image elementor-gallery-item__image\" data-thumbnail=\"https:\/\/genrontrucktrailer.com\/wp-content\/uploads\/2022\/03\/4.jpg\" data-width=\"650\" data-height=\"486\" aria-label=\"A frota de cami\u00f5es vermelhos e reboques de carga da Qingdao Genron est\u00e1 estacionada na f\u00e1brica.\" role=\"img\" ><\/div>\n\t\t\t\t\t\t\t\t\t\t\t<div class=\"elementor-gallery-item__overlay\"><\/div>\n\t\t\t\t\t\t\t\t\t\t\t\t\t\t<\/div>\n\t\t\t\t\t\t\t<div class=\"e-gallery-item elementor-gallery-item elementor-animated-content\">\n\t\t\t\t\t<div class=\"e-gallery-image elementor-gallery-item__image\" data-thumbnail=\"https:\/\/genrontrucktrailer.com\/wp-content\/uploads\/2022\/03\/5.jpg\" data-width=\"650\" data-height=\"487\" aria-label=\"Interior das instala\u00e7\u00f5es de fabrico de reboques da Qingdao Genron\" role=\"img\" ><\/div>\n\t\t\t\t\t\t\t\t\t\t\t<div class=\"elementor-gallery-item__overlay\"><\/div>\n\t\t\t\t\t\t\t\t\t\t\t\t\t\t<\/div>\n\t\t\t\t\t\t\t<div class=\"e-gallery-item elementor-gallery-item elementor-animated-content\">\n\t\t\t\t\t<div class=\"e-gallery-image elementor-gallery-item__image\" data-thumbnail=\"https:\/\/genrontrucktrailer.com\/wp-content\/uploads\/2022\/03\/6.jpg\" data-width=\"650\" data-height=\"433\" aria-label=\"Trabalhador a operar um robot de soldadura automatizado em Qingdao Genron\" role=\"img\" ><\/div>\n\t\t\t\t\t\t\t\t\t\t\t<div class=\"elementor-gallery-item__overlay\"><\/div>\n\t\t\t\t\t\t\t\t\t\t\t\t\t\t<\/div>\n\t\t\t\t\t\t\t<div class=\"e-gallery-item elementor-gallery-item elementor-animated-content\">\n\t\t\t\t\t<div class=\"e-gallery-image elementor-gallery-item__image\" data-thumbnail=\"https:\/\/genrontrucktrailer.com\/wp-content\/uploads\/2022\/03\/7.jpg\" data-width=\"650\" data-height=\"433\" aria-label=\"Linha de montagem de reboques Qingdao Genron com maquinaria\" role=\"img\" ><\/div>\n\t\t\t\t\t\t\t\t\t\t\t<div class=\"elementor-gallery-item__overlay\"><\/div>\n\t\t\t\t\t\t\t\t\t\t\t\t\t\t<\/div>\n\t\t\t\t\t\t\t<div class=\"e-gallery-item elementor-gallery-item elementor-animated-content\">\n\t\t\t\t\t<div class=\"e-gallery-image elementor-gallery-item__image\" data-thumbnail=\"https:\/\/genrontrucktrailer.com\/wp-content\/uploads\/2022\/03\/8.jpg\" data-width=\"650\" data-height=\"433\" aria-label=\"M\u00e1quina de prensagem hidr\u00e1ulica na oficina industrial Qingdao Genron\" role=\"img\" ><\/div>\n\t\t\t\t\t\t\t\t\t\t\t<div class=\"elementor-gallery-item__overlay\"><\/div>\n\t\t\t\t\t\t\t\t\t\t\t\t\t\t<\/div>\n\t\t\t\t\t<\/div>\n\t\t\t\t\t<\/div>\n\t\t\t\t<\/div>\n\t\t\t\t\t<\/div>\n\t\t<\/div>\n\t\t\t\t\t<\/div>\n\t\t<\/section>\n\t\t\t\t<\/div>","protected":false},"excerpt":{"rendered":"<p>Why Genron International Trade\u00ae? Qingdao Genron International Trade Co., Ltd is a leading exporter specializing in a wide range of [&hellip;]<\/p>\n","protected":false},"author":1,"featured_media":0,"parent":0,"menu_order":0,"comment_status":"closed","ping_status":"closed","template":"","meta":{"site-sidebar-layout":"no-sidebar","site-content-layout":"page-builder","ast-site-content-layout":"full-width-container","site-content-style":"unboxed","site-sidebar-style":"unboxed","ast-global-header-display":"","ast-banner-title-visibility":"","ast-main-header-display":"","ast-hfb-above-header-display":"","ast-hfb-below-header-display":"","ast-hfb-mobile-header-display":"","site-post-title":"disabled","ast-breadcrumbs-content":"","ast-featured-img":"disabled","footer-sml-layout":"","ast-disable-related-posts":"","theme-transparent-header-meta":"default","adv-header-id-meta":"","stick-header-meta":"","header-above-stick-meta":"","header-main-stick-meta":"","header-below-stick-meta":"","astra-migrate-meta-layouts":"set","ast-page-background-enabled":"default","ast-page-background-meta":{"desktop":{"background-color":"var(--ast-global-color-4)","background-image":"","background-repeat":"repeat","background-position":"center center","background-size":"auto","background-attachment":"scroll","background-type":"","background-media":"","overlay-type":"","overlay-color":"","overlay-opacity":"","overlay-gradient":""},"tablet":{"background-color":"","background-image":"","background-repeat":"repeat","background-position":"center center","background-size":"auto","background-attachment":"scroll","background-type":"","background-media":"","overlay-type":"","overlay-color":"","overlay-opacity":"","overlay-gradient":""},"mobile":{"background-color":"","background-image":"","background-repeat":"repeat","background-position":"center center","background-size":"auto","background-attachment":"scroll","background-type":"","background-media":"","overlay-type":"","overlay-color":"","overlay-opacity":"","overlay-gradient":""}},"ast-content-background-meta":{"desktop":{"background-color":"var(--ast-global-color-5)","background-image":"","background-repeat":"repeat","background-position":"center center","background-size":"auto","background-attachment":"scroll","background-type":"","background-media":"","overlay-type":"","overlay-color":"","overlay-opacity":"","overlay-gradient":""},"tablet":{"background-color":"var(--ast-global-color-5)","background-image":"","background-repeat":"repeat","background-position":"center center","background-size":"auto","background-attachment":"scroll","background-type":"","background-media":"","overlay-type":"","overlay-color":"","overlay-opacity":"","overlay-gradient":""},"mobile":{"background-color":"var(--ast-global-color-5)","background-image":"","background-repeat":"repeat","background-position":"center center","background-size":"auto","background-attachment":"scroll","background-type":"","background-media":"","overlay-type":"","overlay-color":"","overlay-opacity":"","overlay-gradient":""}},"footnotes":""},"class_list":["post-41","page","type-page","status-publish","hentry"],"yoast_head":"<!-- This site is optimized with the Yoast SEO plugin v27.3 - https:\/\/yoast.com\/product\/yoast-seo-wordpress\/ -->\n<title>About Us - Genron International Trade<\/title>\n<meta name=\"description\" content=\"About Us Get to know Qingdao Genron International Trade Co., Ltd and its commitment to providing the right products with optimal quality and maximum value.\" \/>\n<meta name=\"robots\" content=\"index, follow, max-snippet:-1, max-image-preview:large, max-video-preview:-1\" \/>\n<link rel=\"canonical\" href=\"https:\/\/genrontrucktrailer.com\/pt\/sobre-nos\/\" \/>\n<meta property=\"og:locale\" content=\"pt_PT\" \/>\n<meta property=\"og:type\" content=\"article\" \/>\n<meta property=\"og:title\" content=\"About Us - Genron International Trade\" \/>\n<meta property=\"og:description\" content=\"About Us Get to know Qingdao Genron International Trade Co., Ltd and its commitment to providing the right products with optimal quality and maximum value.\" \/>\n<meta property=\"og:url\" content=\"https:\/\/genrontrucktrailer.com\/pt\/sobre-nos\/\" \/>\n<meta property=\"og:site_name\" content=\"Genron International Trade\" \/>\n<meta property=\"article:modified_time\" content=\"2024-03-22T06:34:30+00:00\" \/>\n<meta name=\"twitter:card\" content=\"summary_large_image\" \/>\n<meta name=\"twitter:label1\" content=\"Tempo estimado de leitura\" \/>\n\t<meta name=\"twitter:data1\" content=\"2 minutos\" \/>\n<script type=\"application\/ld+json\" class=\"yoast-schema-graph\">{\"@context\":\"https:\\\/\\\/schema.org\",\"@graph\":[{\"@type\":\"WebPage\",\"@id\":\"https:\\\/\\\/genrontrucktrailer.com\\\/ar\\\/%d9%86%d8%a8%d8%b0%d8%a9-%d8%b9%d9%86%d8%a7\\\/\",\"url\":\"https:\\\/\\\/genrontrucktrailer.com\\\/ar\\\/%d9%86%d8%a8%d8%b0%d8%a9-%d8%b9%d9%86%d8%a7\\\/\",\"name\":\"About Us - Genron International Trade\",\"isPartOf\":{\"@id\":\"https:\\\/\\\/genrontrucktrailer.com\\\/ar\\\/#website\"},\"datePublished\":\"2022-03-21T12:01:33+00:00\",\"dateModified\":\"2024-03-22T06:34:30+00:00\",\"description\":\"About Us Get to know Qingdao Genron International Trade Co., Ltd and its commitment to providing the right products with optimal quality and maximum value.\",\"breadcrumb\":{\"@id\":\"https:\\\/\\\/genrontrucktrailer.com\\\/ar\\\/%d9%86%d8%a8%d8%b0%d8%a9-%d8%b9%d9%86%d8%a7\\\/#breadcrumb\"},\"inLanguage\":\"pt-PT\",\"potentialAction\":[{\"@type\":\"ReadAction\",\"target\":[\"https:\\\/\\\/genrontrucktrailer.com\\\/ar\\\/%d9%86%d8%a8%d8%b0%d8%a9-%d8%b9%d9%86%d8%a7\\\/\"]}]},{\"@type\":\"BreadcrumbList\",\"@id\":\"https:\\\/\\\/genrontrucktrailer.com\\\/ar\\\/%d9%86%d8%a8%d8%b0%d8%a9-%d8%b9%d9%86%d8%a7\\\/#breadcrumb\",\"itemListElement\":[{\"@type\":\"ListItem\",\"position\":1,\"name\":\"Home\",\"item\":\"https:\\\/\\\/genrontrucktrailer.com\\\/ar\\\/\"},{\"@type\":\"ListItem\",\"position\":2,\"name\":\"About Us\"}]},{\"@type\":\"WebSite\",\"@id\":\"https:\\\/\\\/genrontrucktrailer.com\\\/ar\\\/#website\",\"url\":\"https:\\\/\\\/genrontrucktrailer.com\\\/ar\\\/\",\"name\":\"Genron International Trade\",\"description\":\"Genron International Trade specialises in providing all types of semi-trailers for manufacture as well as sale.\",\"publisher\":{\"@id\":\"https:\\\/\\\/genrontrucktrailer.com\\\/ar\\\/#organization\"},\"potentialAction\":[{\"@type\":\"SearchAction\",\"target\":{\"@type\":\"EntryPoint\",\"urlTemplate\":\"https:\\\/\\\/genrontrucktrailer.com\\\/ar\\\/?s={search_term_string}\"},\"query-input\":{\"@type\":\"PropertyValueSpecification\",\"valueRequired\":true,\"valueName\":\"search_term_string\"}}],\"inLanguage\":\"pt-PT\"},{\"@type\":\"Organization\",\"@id\":\"https:\\\/\\\/genrontrucktrailer.com\\\/ar\\\/#organization\",\"name\":\"Genron International Trade\",\"url\":\"https:\\\/\\\/genrontrucktrailer.com\\\/ar\\\/\",\"logo\":{\"@type\":\"ImageObject\",\"inLanguage\":\"pt-PT\",\"@id\":\"https:\\\/\\\/genrontrucktrailer.com\\\/ar\\\/#\\\/schema\\\/logo\\\/image\\\/\",\"url\":\"https:\\\/\\\/genrontrucktrailer.com\\\/wp-content\\\/uploads\\\/2022\\\/04\\\/logo201911111655359700994.webp\",\"contentUrl\":\"https:\\\/\\\/genrontrucktrailer.com\\\/wp-content\\\/uploads\\\/2022\\\/04\\\/logo201911111655359700994.webp\",\"width\":160,\"height\":90,\"caption\":\"Genron International Trade\"},\"image\":{\"@id\":\"https:\\\/\\\/genrontrucktrailer.com\\\/ar\\\/#\\\/schema\\\/logo\\\/image\\\/\"}}]}<\/script>\n<!-- \/ Yoast SEO plugin. -->","yoast_head_json":{"title":"Sobre n\u00f3s - Genron International Trade","description":"Sobre n\u00f3s Conhe\u00e7a a Qingdao Genron International Trade Co., Ltd e o seu empenho em fornecer os produtos certos com a melhor qualidade e o m\u00e1ximo valor.","robots":{"index":"index","follow":"follow","max-snippet":"max-snippet:-1","max-image-preview":"max-image-preview:large","max-video-preview":"max-video-preview:-1"},"canonical":"https:\/\/genrontrucktrailer.com\/pt\/sobre-nos\/","og_locale":"pt_PT","og_type":"article","og_title":"About Us - Genron International Trade","og_description":"About Us Get to know Qingdao Genron International Trade Co., Ltd and its commitment to providing the right products with optimal quality and maximum value.","og_url":"https:\/\/genrontrucktrailer.com\/pt\/sobre-nos\/","og_site_name":"Genron International Trade","article_modified_time":"2024-03-22T06:34:30+00:00","twitter_card":"summary_large_image","twitter_misc":{"Tempo estimado de leitura":"2 minutos"},"schema":{"@context":"https:\/\/schema.org","@graph":[{"@type":"WebPage","@id":"https:\/\/genrontrucktrailer.com\/ar\/%d9%86%d8%a8%d8%b0%d8%a9-%d8%b9%d9%86%d8%a7\/","url":"https:\/\/genrontrucktrailer.com\/ar\/%d9%86%d8%a8%d8%b0%d8%a9-%d8%b9%d9%86%d8%a7\/","name":"Sobre n\u00f3s - Genron International Trade","isPartOf":{"@id":"https:\/\/genrontrucktrailer.com\/ar\/#website"},"datePublished":"2022-03-21T12:01:33+00:00","dateModified":"2024-03-22T06:34:30+00:00","description":"Sobre n\u00f3s Conhe\u00e7a a Qingdao Genron International Trade Co., Ltd e o seu empenho em fornecer os produtos certos com a melhor qualidade e o m\u00e1ximo valor.","breadcrumb":{"@id":"https:\/\/genrontrucktrailer.com\/ar\/%d9%86%d8%a8%d8%b0%d8%a9-%d8%b9%d9%86%d8%a7\/#breadcrumb"},"inLanguage":"pt-PT","potentialAction":[{"@type":"ReadAction","target":["https:\/\/genrontrucktrailer.com\/ar\/%d9%86%d8%a8%d8%b0%d8%a9-%d8%b9%d9%86%d8%a7\/"]}]},{"@type":"BreadcrumbList","@id":"https:\/\/genrontrucktrailer.com\/ar\/%d9%86%d8%a8%d8%b0%d8%a9-%d8%b9%d9%86%d8%a7\/#breadcrumb","itemListElement":[{"@type":"ListItem","position":1,"name":"Home","item":"https:\/\/genrontrucktrailer.com\/ar\/"},{"@type":"ListItem","position":2,"name":"About Us"}]},{"@type":"WebSite","@id":"https:\/\/genrontrucktrailer.com\/ar\/#website","url":"https:\/\/genrontrucktrailer.com\/ar\/","name":"Genron International Trade","description":"A Genron International Trade \u00e9 especializada no fornecimento de todos os tipos de semi-reboques, tanto para fabrico como para venda.","publisher":{"@id":"https:\/\/genrontrucktrailer.com\/ar\/#organization"},"potentialAction":[{"@type":"SearchAction","target":{"@type":"EntryPoint","urlTemplate":"https:\/\/genrontrucktrailer.com\/ar\/?s={search_term_string}"},"query-input":{"@type":"PropertyValueSpecification","valueRequired":true,"valueName":"search_term_string"}}],"inLanguage":"pt-PT"},{"@type":"Organization","@id":"https:\/\/genrontrucktrailer.com\/ar\/#organization","name":"Genron International Trade","url":"https:\/\/genrontrucktrailer.com\/ar\/","logo":{"@type":"ImageObject","inLanguage":"pt-PT","@id":"https:\/\/genrontrucktrailer.com\/ar\/#\/schema\/logo\/image\/","url":"https:\/\/genrontrucktrailer.com\/wp-content\/uploads\/2022\/04\/logo201911111655359700994.webp","contentUrl":"https:\/\/genrontrucktrailer.com\/wp-content\/uploads\/2022\/04\/logo201911111655359700994.webp","width":160,"height":90,"caption":"Genron International Trade"},"image":{"@id":"https:\/\/genrontrucktrailer.com\/ar\/#\/schema\/logo\/image\/"}}]}},"_links":{"self":[{"href":"https:\/\/genrontrucktrailer.com\/pt\/wp-json\/wp\/v2\/pages\/41","targetHints":{"allow":["GET"]}}],"collection":[{"href":"https:\/\/genrontrucktrailer.com\/pt\/wp-json\/wp\/v2\/pages"}],"about":[{"href":"https:\/\/genrontrucktrailer.com\/pt\/wp-json\/wp\/v2\/types\/page"}],"author":[{"embeddable":true,"href":"https:\/\/genrontrucktrailer.com\/pt\/wp-json\/wp\/v2\/users\/1"}],"replies":[{"embeddable":true,"href":"https:\/\/genrontrucktrailer.com\/pt\/wp-json\/wp\/v2\/comments?post=41"}],"version-history":[{"count":0,"href":"https:\/\/genrontrucktrailer.com\/pt\/wp-json\/wp\/v2\/pages\/41\/revisions"}],"wp:attachment":[{"href":"https:\/\/genrontrucktrailer.com\/pt\/wp-json\/wp\/v2\/media?parent=41"}],"curies":[{"name":"wp","href":"https:\/\/api.w.org\/{rel}","templated":true}]}}