{"id":41,"date":"2022-03-21T12:01:33","date_gmt":"2022-03-21T12:01:33","guid":{"rendered":"http:\/\/genrontrucktrailer.com\/?page_id=41"},"modified":"2024-03-22T06:34:30","modified_gmt":"2024-03-22T06:34:30","slug":"a-propos-de-nous","status":"publish","type":"page","link":"https:\/\/genrontrucktrailer.com\/fr\/about-us\/","title":{"rendered":"\u00c0 propos de nous"},"content":{"rendered":"<div data-elementor-type=\"wp-page\" data-elementor-id=\"41\" class=\"elementor elementor-41\" data-elementor-post-type=\"page\">\n\t\t\t\t\t\t<section class=\"elementor-section elementor-top-section elementor-element elementor-element-d34abf8 elementor-section-boxed elementor-section-height-default elementor-section-height-default\" data-id=\"d34abf8\" data-element_type=\"section\" data-e-type=\"section\" data-settings=\"{&quot;background_background&quot;:&quot;classic&quot;}\">\n\t\t\t\t\t\t<div class=\"elementor-container elementor-column-gap-default\">\n\t\t\t\t\t<div class=\"elementor-column elementor-col-100 elementor-top-column elementor-element elementor-element-c605f4f\" data-id=\"c605f4f\" data-element_type=\"column\" data-e-type=\"column\">\n\t\t\t<div class=\"elementor-widget-wrap elementor-element-populated\">\n\t\t\t\t\t\t<div class=\"elementor-element elementor-element-4f701b5 elementor-align-center elementor-widget elementor-widget-breadcrumbs\" data-id=\"4f701b5\" data-element_type=\"widget\" data-e-type=\"widget\" data-widget_type=\"breadcrumbs.default\">\n\t\t\t\t<div class=\"elementor-widget-container\">\n\t\t\t\t\t<p id=\"breadcrumbs\"><span><span><a href=\"https:\/\/genrontrucktrailer.com\/ar\/\">Accueil<\/a><\/span><\/span><\/p>\t\t\t\t<\/div>\n\t\t\t\t<\/div>\n\t\t\t\t\t<\/div>\n\t\t<\/div>\n\t\t\t\t\t<\/div>\n\t\t<\/section>\n\t\t\t\t<section class=\"elementor-section elementor-top-section elementor-element elementor-element-f49685d elementor-section-boxed elementor-section-height-default elementor-section-height-default\" data-id=\"f49685d\" data-element_type=\"section\" data-e-type=\"section\">\n\t\t\t\t\t\t<div class=\"elementor-container elementor-column-gap-default\">\n\t\t\t\t\t<div class=\"elementor-column elementor-col-100 elementor-top-column elementor-element elementor-element-0b7ea50\" data-id=\"0b7ea50\" data-element_type=\"column\" data-e-type=\"column\">\n\t\t\t<div class=\"elementor-widget-wrap elementor-element-populated\">\n\t\t\t\t\t\t<div class=\"elementor-element elementor-element-a6e8cee elementor-widget elementor-widget-heading\" data-id=\"a6e8cee\" data-element_type=\"widget\" data-e-type=\"widget\" data-widget_type=\"heading.default\">\n\t\t\t\t<div class=\"elementor-widget-container\">\n\t\t\t\t\t<h2 class=\"elementor-heading-title elementor-size-default\">Pourquoi Genron International Trade\u00ae ?<\/h2>\t\t\t\t<\/div>\n\t\t\t\t<\/div>\n\t\t\t\t<div class=\"elementor-element elementor-element-9a856ed elementor-widget-divider--view-line_icon elementor-view-default elementor-widget-divider--element-align-center elementor-widget elementor-widget-divider\" data-id=\"9a856ed\" data-element_type=\"widget\" data-e-type=\"widget\" data-widget_type=\"divider.default\">\n\t\t\t\t<div class=\"elementor-widget-container\">\n\t\t\t\t\t\t\t<div class=\"elementor-divider\">\n\t\t\t<span class=\"elementor-divider-separator\">\n\t\t\t\t\t\t\t<div class=\"elementor-icon elementor-divider__element\">\n\t\t\t\t\t<i aria-hidden=\"true\" class=\"far fa-gem\"><\/i><\/div>\n\t\t\t\t\t\t<\/span>\n\t\t<\/div>\n\t\t\t\t\t\t<\/div>\n\t\t\t\t<\/div>\n\t\t\t\t<div class=\"elementor-element elementor-element-c7f237d elementor-widget elementor-widget-text-editor\" data-id=\"c7f237d\" data-element_type=\"widget\" data-e-type=\"widget\" data-widget_type=\"text-editor.default\">\n\t\t\t\t<div class=\"elementor-widget-container\">\n\t\t\t\t\t\t\t\t\t<p>Qingdao Genron International Trade Co. est un exportateur de premier plan sp\u00e9cialis\u00e9 dans une large gamme de remorques, de pi\u00e8ces de remorques, de machines \u00e0 souder manuelles, de machines \u00e0 souder automatiques et de lignes de production de remorques compl\u00e8tes. Forts d'une exp\u00e9rience de plus de vingt ans, nous sommes fiers de notre propre usine de fabrication d\u00e9di\u00e9e \u00e0 la production de remorques de haute qualit\u00e9.<\/p><p>\u00c0 la t\u00eate de l'entreprise se trouve notre PDG, Mme Zhao, qui poss\u00e8de 15 ans d'exp\u00e9rience dans l'exportation de camions de chantier et de remorques. Son expertise est \u00e9tay\u00e9e par ses visites dans plus de 30 pays afin d'approfondir les march\u00e9s des camions remorques dans le monde entier. Cette vision globale nous permet de fournir les produits les mieux adapt\u00e9s, en fonction des exigences uniques de chaque march\u00e9, et de proposer rapidement des produits de qualit\u00e9 et d'une valeur exceptionnelle.<\/p><p>Notre mission est de fournir \u00e0 nos clients les bons produits dans les meilleurs d\u00e9lais, en garantissant une qualit\u00e9 optimale et une valeur maximale. Nous comprenons les besoins sp\u00e9cifiques de chaque march\u00e9, ce qui nous permet d'offrir des solutions personnalis\u00e9es qui r\u00e9pondent pr\u00e9cis\u00e9ment aux exigences de nos clients. Qu'il s'agisse de machines de soudage manuel traditionnelles ou des derni\u00e8res technologies de soudage automatique, Genron est \u00e0 l'avant-garde de la fourniture de solutions avanc\u00e9es qui am\u00e9liorent l'efficacit\u00e9 des lignes de production de nos clients.<\/p><p>\u00c0 Qingdao Genron International Trade Co. Ltd, nous accordons de l'importance non seulement \u00e0 la qualit\u00e9 et \u00e0 l'innovation de nos produits, mais aussi \u00e0 la communication interculturelle. Gr\u00e2ce \u00e0 la riche exp\u00e9rience de Mme Zhao en mati\u00e8re de commerce international et \u00e0 sa connaissance approfondie de la dynamique du march\u00e9, notre \u00e9quipe s'engage \u00e0 \u00e9tablir des partenariats \u00e0 long terme, en veillant \u00e0 ce que nos clients conservent un avantage concurrentiel sur un march\u00e9 o\u00f9 la concurrence est f\u00e9roce.<\/p><p>Choisir Qingdao Genron International Trade Co, Ltd, c'est opter pour un partenaire fiable qui se consacre \u00e0 la croissance mutuelle et \u00e0 l'exploration de produits et de solutions innovants qui r\u00e9pondent aux exigences du march\u00e9. Quels que soient vos besoins, nous avons la capacit\u00e9 de fournir des produits et des services de haute qualit\u00e9 qui d\u00e9passent vos attentes.<\/p>\t\t\t\t\t\t\t\t<\/div>\n\t\t\t\t<\/div>\n\t\t\t\t<div class=\"elementor-element elementor-element-cb66bdf elementor-widget elementor-widget-video\" data-id=\"cb66bdf\" data-element_type=\"widget\" data-e-type=\"widget\" data-settings=\"{&quot;youtube_url&quot;:&quot;https:\\\/\\\/youtu.be\\\/zxrYDG9mLE0&quot;,&quot;video_type&quot;:&quot;youtube&quot;,&quot;controls&quot;:&quot;yes&quot;}\" data-widget_type=\"video.default\">\n\t\t\t\t<div class=\"elementor-widget-container\">\n\t\t\t\t\t\t\t<div class=\"elementor-wrapper elementor-open-inline\">\n\t\t\t<div class=\"elementor-video\"><\/div>\t\t<\/div>\n\t\t\t\t\t\t<\/div>\n\t\t\t\t<\/div>\n\t\t\t\t\t<\/div>\n\t\t<\/div>\n\t\t\t\t\t<\/div>\n\t\t<\/section>\n\t\t\t\t<section class=\"elementor-section elementor-top-section elementor-element elementor-element-4d8471f elementor-section-boxed elementor-section-height-default elementor-section-height-default\" data-id=\"4d8471f\" data-element_type=\"section\" data-e-type=\"section\" data-settings=\"{&quot;background_background&quot;:&quot;classic&quot;}\">\n\t\t\t\t\t\t<div class=\"elementor-container elementor-column-gap-default\">\n\t\t\t\t\t<div class=\"elementor-column elementor-col-100 elementor-top-column elementor-element elementor-element-09e7b12\" data-id=\"09e7b12\" data-element_type=\"column\" data-e-type=\"column\">\n\t\t\t<div class=\"elementor-widget-wrap elementor-element-populated\">\n\t\t\t\t\t\t<div class=\"elementor-element elementor-element-d051f4c elementor-widget elementor-widget-heading\" data-id=\"d051f4c\" data-element_type=\"widget\" data-e-type=\"widget\" data-widget_type=\"heading.default\">\n\t\t\t\t<div class=\"elementor-widget-container\">\n\t\t\t\t\t<h2 class=\"elementor-heading-title elementor-size-default\">Informations sur l'usine<\/h2>\t\t\t\t<\/div>\n\t\t\t\t<\/div>\n\t\t\t\t<div class=\"elementor-element elementor-element-9ca0e12 elementor-widget-divider--view-line_icon elementor-view-default elementor-widget-divider--element-align-center elementor-widget elementor-widget-divider\" data-id=\"9ca0e12\" data-element_type=\"widget\" data-e-type=\"widget\" data-widget_type=\"divider.default\">\n\t\t\t\t<div class=\"elementor-widget-container\">\n\t\t\t\t\t\t\t<div class=\"elementor-divider\">\n\t\t\t<span class=\"elementor-divider-separator\">\n\t\t\t\t\t\t\t<div class=\"elementor-icon elementor-divider__element\">\n\t\t\t\t\t<i aria-hidden=\"true\" class=\"far fa-gem\"><\/i><\/div>\n\t\t\t\t\t\t<\/span>\n\t\t<\/div>\n\t\t\t\t\t\t<\/div>\n\t\t\t\t<\/div>\n\t\t\t\t<div class=\"elementor-element elementor-element-5ded116 elementor-widget elementor-widget-gallery\" data-id=\"5ded116\" data-element_type=\"widget\" data-e-type=\"widget\" data-settings=\"{&quot;columns&quot;:3,&quot;lazyload&quot;:&quot;yes&quot;,&quot;gallery_layout&quot;:&quot;grid&quot;,&quot;columns_tablet&quot;:2,&quot;columns_mobile&quot;:1,&quot;gap&quot;:{&quot;unit&quot;:&quot;px&quot;,&quot;size&quot;:10,&quot;sizes&quot;:[]},&quot;gap_tablet&quot;:{&quot;unit&quot;:&quot;px&quot;,&quot;size&quot;:10,&quot;sizes&quot;:[]},&quot;gap_mobile&quot;:{&quot;unit&quot;:&quot;px&quot;,&quot;size&quot;:10,&quot;sizes&quot;:[]},&quot;aspect_ratio&quot;:&quot;3:2&quot;,&quot;overlay_background&quot;:&quot;yes&quot;,&quot;content_hover_animation&quot;:&quot;fade-in&quot;}\" data-widget_type=\"gallery.default\">\n\t\t\t\t<div class=\"elementor-widget-container\">\n\t\t\t\t\t\t\t<div class=\"elementor-gallery__container\">\n\t\t\t\t\t\t\t<div class=\"e-gallery-item elementor-gallery-item elementor-animated-content\">\n\t\t\t\t\t<div class=\"e-gallery-image elementor-gallery-item__image\" data-thumbnail=\"https:\/\/genrontrucktrailer.com\/wp-content\/uploads\/2022\/03\/9.jpg\" data-width=\"650\" data-height=\"433\" aria-label=\"Qingdao Genron ligne de production de remorques avec cylindres\" role=\"img\" ><\/div>\n\t\t\t\t\t\t\t\t\t\t\t<div class=\"elementor-gallery-item__overlay\"><\/div>\n\t\t\t\t\t\t\t\t\t\t\t\t\t\t<\/div>\n\t\t\t\t\t\t\t<div class=\"e-gallery-item elementor-gallery-item elementor-animated-content\">\n\t\t\t\t\t<div class=\"e-gallery-image elementor-gallery-item__image\" data-thumbnail=\"https:\/\/genrontrucktrailer.com\/wp-content\/uploads\/2022\/03\/1-1.jpg\" data-width=\"650\" data-height=\"487\" aria-label=\"Vue ext\u00e9rieure de l&#039;usine Genron de Qingdao avec des remorques de marchandises\" role=\"img\" ><\/div>\n\t\t\t\t\t\t\t\t\t\t\t<div class=\"elementor-gallery-item__overlay\"><\/div>\n\t\t\t\t\t\t\t\t\t\t\t\t\t\t<\/div>\n\t\t\t\t\t\t\t<div class=\"e-gallery-item elementor-gallery-item elementor-animated-content\">\n\t\t\t\t\t<div class=\"e-gallery-image elementor-gallery-item__image\" data-thumbnail=\"https:\/\/genrontrucktrailer.com\/wp-content\/uploads\/2022\/03\/2.jpg\" data-width=\"650\" data-height=\"487\" aria-label=\"Diverses remorques-citernes Qingdao Genron stationn\u00e9es \u00e0 l&#039;ext\u00e9rieur\" role=\"img\" ><\/div>\n\t\t\t\t\t\t\t\t\t\t\t<div class=\"elementor-gallery-item__overlay\"><\/div>\n\t\t\t\t\t\t\t\t\t\t\t\t\t\t<\/div>\n\t\t\t\t\t\t\t<div class=\"e-gallery-item elementor-gallery-item elementor-animated-content\">\n\t\t\t\t\t<div class=\"e-gallery-image elementor-gallery-item__image\" data-thumbnail=\"https:\/\/genrontrucktrailer.com\/wp-content\/uploads\/2022\/03\/3.jpg\" data-width=\"650\" data-height=\"487\" aria-label=\"Diverses remorques-citernes Qingdao Genron stationn\u00e9es \u00e0 l&#039;ext\u00e9rieur\" role=\"img\" ><\/div>\n\t\t\t\t\t\t\t\t\t\t\t<div class=\"elementor-gallery-item__overlay\"><\/div>\n\t\t\t\t\t\t\t\t\t\t\t\t\t\t<\/div>\n\t\t\t\t\t\t\t<div class=\"e-gallery-item elementor-gallery-item elementor-animated-content\">\n\t\t\t\t\t<div class=\"e-gallery-image elementor-gallery-item__image\" data-thumbnail=\"https:\/\/genrontrucktrailer.com\/wp-content\/uploads\/2022\/03\/4.jpg\" data-width=\"650\" data-height=\"486\" aria-label=\"La flotte de camions rouges et de remorques de marchandises de Qingdao Genron est gar\u00e9e \u00e0 l&#039;usine.\" role=\"img\" ><\/div>\n\t\t\t\t\t\t\t\t\t\t\t<div class=\"elementor-gallery-item__overlay\"><\/div>\n\t\t\t\t\t\t\t\t\t\t\t\t\t\t<\/div>\n\t\t\t\t\t\t\t<div class=\"e-gallery-item elementor-gallery-item elementor-animated-content\">\n\t\t\t\t\t<div class=\"e-gallery-image elementor-gallery-item__image\" data-thumbnail=\"https:\/\/genrontrucktrailer.com\/wp-content\/uploads\/2022\/03\/5.jpg\" data-width=\"650\" data-height=\"487\" aria-label=\"Visite de l&#039;usine de fabrication de remorques de Qingdao Genron\" role=\"img\" ><\/div>\n\t\t\t\t\t\t\t\t\t\t\t<div class=\"elementor-gallery-item__overlay\"><\/div>\n\t\t\t\t\t\t\t\t\t\t\t\t\t\t<\/div>\n\t\t\t\t\t\t\t<div class=\"e-gallery-item elementor-gallery-item elementor-animated-content\">\n\t\t\t\t\t<div class=\"e-gallery-image elementor-gallery-item__image\" data-thumbnail=\"https:\/\/genrontrucktrailer.com\/wp-content\/uploads\/2022\/03\/6.jpg\" data-width=\"650\" data-height=\"433\" aria-label=\"Un ouvrier utilise un robot de soudage automatis\u00e9 \u00e0 Qingdao Genron\" role=\"img\" ><\/div>\n\t\t\t\t\t\t\t\t\t\t\t<div class=\"elementor-gallery-item__overlay\"><\/div>\n\t\t\t\t\t\t\t\t\t\t\t\t\t\t<\/div>\n\t\t\t\t\t\t\t<div class=\"e-gallery-item elementor-gallery-item elementor-animated-content\">\n\t\t\t\t\t<div class=\"e-gallery-image elementor-gallery-item__image\" data-thumbnail=\"https:\/\/genrontrucktrailer.com\/wp-content\/uploads\/2022\/03\/7.jpg\" data-width=\"650\" data-height=\"433\" aria-label=\"Ligne d&#039;assemblage de remorques Qingdao Genron avec machines\" role=\"img\" ><\/div>\n\t\t\t\t\t\t\t\t\t\t\t<div class=\"elementor-gallery-item__overlay\"><\/div>\n\t\t\t\t\t\t\t\t\t\t\t\t\t\t<\/div>\n\t\t\t\t\t\t\t<div class=\"e-gallery-item elementor-gallery-item elementor-animated-content\">\n\t\t\t\t\t<div class=\"e-gallery-image elementor-gallery-item__image\" data-thumbnail=\"https:\/\/genrontrucktrailer.com\/wp-content\/uploads\/2022\/03\/8.jpg\" data-width=\"650\" data-height=\"433\" aria-label=\"Presse hydraulique dans l&#039;atelier industriel de Qingdao Genron\" role=\"img\" ><\/div>\n\t\t\t\t\t\t\t\t\t\t\t<div class=\"elementor-gallery-item__overlay\"><\/div>\n\t\t\t\t\t\t\t\t\t\t\t\t\t\t<\/div>\n\t\t\t\t\t<\/div>\n\t\t\t\t\t<\/div>\n\t\t\t\t<\/div>\n\t\t\t\t\t<\/div>\n\t\t<\/div>\n\t\t\t\t\t<\/div>\n\t\t<\/section>\n\t\t\t\t<\/div>","protected":false},"excerpt":{"rendered":"<p>Why Genron International Trade\u00ae? Qingdao Genron International Trade Co., Ltd is a leading exporter specializing in a wide range of [&hellip;]<\/p>\n","protected":false},"author":1,"featured_media":0,"parent":0,"menu_order":0,"comment_status":"closed","ping_status":"closed","template":"","meta":{"site-sidebar-layout":"no-sidebar","site-content-layout":"page-builder","ast-site-content-layout":"full-width-container","site-content-style":"unboxed","site-sidebar-style":"unboxed","ast-global-header-display":"","ast-banner-title-visibility":"","ast-main-header-display":"","ast-hfb-above-header-display":"","ast-hfb-below-header-display":"","ast-hfb-mobile-header-display":"","site-post-title":"disabled","ast-breadcrumbs-content":"","ast-featured-img":"disabled","footer-sml-layout":"","ast-disable-related-posts":"","theme-transparent-header-meta":"default","adv-header-id-meta":"","stick-header-meta":"","header-above-stick-meta":"","header-main-stick-meta":"","header-below-stick-meta":"","astra-migrate-meta-layouts":"set","ast-page-background-enabled":"default","ast-page-background-meta":{"desktop":{"background-color":"var(--ast-global-color-4)","background-image":"","background-repeat":"repeat","background-position":"center center","background-size":"auto","background-attachment":"scroll","background-type":"","background-media":"","overlay-type":"","overlay-color":"","overlay-opacity":"","overlay-gradient":""},"tablet":{"background-color":"","background-image":"","background-repeat":"repeat","background-position":"center center","background-size":"auto","background-attachment":"scroll","background-type":"","background-media":"","overlay-type":"","overlay-color":"","overlay-opacity":"","overlay-gradient":""},"mobile":{"background-color":"","background-image":"","background-repeat":"repeat","background-position":"center center","background-size":"auto","background-attachment":"scroll","background-type":"","background-media":"","overlay-type":"","overlay-color":"","overlay-opacity":"","overlay-gradient":""}},"ast-content-background-meta":{"desktop":{"background-color":"var(--ast-global-color-5)","background-image":"","background-repeat":"repeat","background-position":"center center","background-size":"auto","background-attachment":"scroll","background-type":"","background-media":"","overlay-type":"","overlay-color":"","overlay-opacity":"","overlay-gradient":""},"tablet":{"background-color":"var(--ast-global-color-5)","background-image":"","background-repeat":"repeat","background-position":"center center","background-size":"auto","background-attachment":"scroll","background-type":"","background-media":"","overlay-type":"","overlay-color":"","overlay-opacity":"","overlay-gradient":""},"mobile":{"background-color":"var(--ast-global-color-5)","background-image":"","background-repeat":"repeat","background-position":"center center","background-size":"auto","background-attachment":"scroll","background-type":"","background-media":"","overlay-type":"","overlay-color":"","overlay-opacity":"","overlay-gradient":""}},"footnotes":""},"class_list":["post-41","page","type-page","status-publish","hentry"],"yoast_head":"<!-- This site is optimized with the Yoast SEO plugin v27.4 - https:\/\/yoast.com\/product\/yoast-seo-wordpress\/ -->\n<title>About Us - Genron International Trade<\/title>\n<meta name=\"description\" content=\"About Us Get to know Qingdao Genron International Trade Co., Ltd and its commitment to providing the right products with optimal quality and maximum value.\" \/>\n<meta name=\"robots\" content=\"index, follow, max-snippet:-1, max-image-preview:large, max-video-preview:-1\" \/>\n<link rel=\"canonical\" href=\"https:\/\/genrontrucktrailer.com\/fr\/a-propos-de-nous\/\" \/>\n<meta property=\"og:locale\" content=\"fr_FR\" \/>\n<meta property=\"og:type\" content=\"article\" \/>\n<meta property=\"og:title\" content=\"About Us - Genron International Trade\" \/>\n<meta property=\"og:description\" content=\"About Us Get to know Qingdao Genron International Trade Co., Ltd and its commitment to providing the right products with optimal quality and maximum value.\" \/>\n<meta property=\"og:url\" content=\"https:\/\/genrontrucktrailer.com\/fr\/a-propos-de-nous\/\" \/>\n<meta property=\"og:site_name\" content=\"Genron International Trade\" \/>\n<meta property=\"article:modified_time\" content=\"2024-03-22T06:34:30+00:00\" \/>\n<meta name=\"twitter:card\" content=\"summary_large_image\" \/>\n<meta name=\"twitter:label1\" content=\"Dur\u00e9e de lecture estim\u00e9e\" \/>\n\t<meta name=\"twitter:data1\" content=\"2 minutes\" \/>\n<script type=\"application\/ld+json\" class=\"yoast-schema-graph\">{\"@context\":\"https:\\\/\\\/schema.org\",\"@graph\":[{\"@type\":\"WebPage\",\"@id\":\"https:\\\/\\\/genrontrucktrailer.com\\\/ar\\\/%d9%86%d8%a8%d8%b0%d8%a9-%d8%b9%d9%86%d8%a7\\\/\",\"url\":\"https:\\\/\\\/genrontrucktrailer.com\\\/ar\\\/%d9%86%d8%a8%d8%b0%d8%a9-%d8%b9%d9%86%d8%a7\\\/\",\"name\":\"About Us - Genron International Trade\",\"isPartOf\":{\"@id\":\"https:\\\/\\\/genrontrucktrailer.com\\\/ar\\\/#website\"},\"datePublished\":\"2022-03-21T12:01:33+00:00\",\"dateModified\":\"2024-03-22T06:34:30+00:00\",\"description\":\"About Us Get to know Qingdao Genron International Trade Co., Ltd and its commitment to providing the right products with optimal quality and maximum value.\",\"breadcrumb\":{\"@id\":\"https:\\\/\\\/genrontrucktrailer.com\\\/ar\\\/%d9%86%d8%a8%d8%b0%d8%a9-%d8%b9%d9%86%d8%a7\\\/#breadcrumb\"},\"inLanguage\":\"fr-FR\",\"potentialAction\":[{\"@type\":\"ReadAction\",\"target\":[\"https:\\\/\\\/genrontrucktrailer.com\\\/ar\\\/%d9%86%d8%a8%d8%b0%d8%a9-%d8%b9%d9%86%d8%a7\\\/\"]}]},{\"@type\":\"BreadcrumbList\",\"@id\":\"https:\\\/\\\/genrontrucktrailer.com\\\/ar\\\/%d9%86%d8%a8%d8%b0%d8%a9-%d8%b9%d9%86%d8%a7\\\/#breadcrumb\",\"itemListElement\":[{\"@type\":\"ListItem\",\"position\":1,\"name\":\"Home\",\"item\":\"https:\\\/\\\/genrontrucktrailer.com\\\/ar\\\/\"},{\"@type\":\"ListItem\",\"position\":2,\"name\":\"About Us\"}]},{\"@type\":\"WebSite\",\"@id\":\"https:\\\/\\\/genrontrucktrailer.com\\\/ar\\\/#website\",\"url\":\"https:\\\/\\\/genrontrucktrailer.com\\\/ar\\\/\",\"name\":\"Genron International Trade\",\"description\":\"Genron International Trade specialises in providing all types of semi-trailers for manufacture as well as sale.\",\"publisher\":{\"@id\":\"https:\\\/\\\/genrontrucktrailer.com\\\/ar\\\/#organization\"},\"potentialAction\":[{\"@type\":\"SearchAction\",\"target\":{\"@type\":\"EntryPoint\",\"urlTemplate\":\"https:\\\/\\\/genrontrucktrailer.com\\\/ar\\\/?s={search_term_string}\"},\"query-input\":{\"@type\":\"PropertyValueSpecification\",\"valueRequired\":true,\"valueName\":\"search_term_string\"}}],\"inLanguage\":\"fr-FR\"},{\"@type\":\"Organization\",\"@id\":\"https:\\\/\\\/genrontrucktrailer.com\\\/ar\\\/#organization\",\"name\":\"Genron International Trade\",\"url\":\"https:\\\/\\\/genrontrucktrailer.com\\\/ar\\\/\",\"logo\":{\"@type\":\"ImageObject\",\"inLanguage\":\"fr-FR\",\"@id\":\"https:\\\/\\\/genrontrucktrailer.com\\\/ar\\\/#\\\/schema\\\/logo\\\/image\\\/\",\"url\":\"https:\\\/\\\/genrontrucktrailer.com\\\/wp-content\\\/uploads\\\/2022\\\/04\\\/logo201911111655359700994.webp\",\"contentUrl\":\"https:\\\/\\\/genrontrucktrailer.com\\\/wp-content\\\/uploads\\\/2022\\\/04\\\/logo201911111655359700994.webp\",\"width\":160,\"height\":90,\"caption\":\"Genron International Trade\"},\"image\":{\"@id\":\"https:\\\/\\\/genrontrucktrailer.com\\\/ar\\\/#\\\/schema\\\/logo\\\/image\\\/\"}}]}<\/script>\n<!-- \/ Yoast SEO plugin. -->","yoast_head_json":{"title":"\u00c0 propos de nous - Genron International Trade","description":"\u00c0 propos de nous Faites connaissance avec Qingdao Genron International Trade Co. Ltd et son engagement \u00e0 fournir les bons produits avec une qualit\u00e9 optimale et une valeur maximale.","robots":{"index":"index","follow":"follow","max-snippet":"max-snippet:-1","max-image-preview":"max-image-preview:large","max-video-preview":"max-video-preview:-1"},"canonical":"https:\/\/genrontrucktrailer.com\/fr\/a-propos-de-nous\/","og_locale":"fr_FR","og_type":"article","og_title":"About Us - Genron International Trade","og_description":"About Us Get to know Qingdao Genron International Trade Co., Ltd and its commitment to providing the right products with optimal quality and maximum value.","og_url":"https:\/\/genrontrucktrailer.com\/fr\/a-propos-de-nous\/","og_site_name":"Genron International Trade","article_modified_time":"2024-03-22T06:34:30+00:00","twitter_card":"summary_large_image","twitter_misc":{"Dur\u00e9e de lecture estim\u00e9e":"2 minutes"},"schema":{"@context":"https:\/\/schema.org","@graph":[{"@type":"WebPage","@id":"https:\/\/genrontrucktrailer.com\/ar\/%d9%86%d8%a8%d8%b0%d8%a9-%d8%b9%d9%86%d8%a7\/","url":"https:\/\/genrontrucktrailer.com\/ar\/%d9%86%d8%a8%d8%b0%d8%a9-%d8%b9%d9%86%d8%a7\/","name":"\u00c0 propos de nous - Genron International Trade","isPartOf":{"@id":"https:\/\/genrontrucktrailer.com\/ar\/#website"},"datePublished":"2022-03-21T12:01:33+00:00","dateModified":"2024-03-22T06:34:30+00:00","description":"\u00c0 propos de nous Faites connaissance avec Qingdao Genron International Trade Co. Ltd et son engagement \u00e0 fournir les bons produits avec une qualit\u00e9 optimale et une valeur maximale.","breadcrumb":{"@id":"https:\/\/genrontrucktrailer.com\/ar\/%d9%86%d8%a8%d8%b0%d8%a9-%d8%b9%d9%86%d8%a7\/#breadcrumb"},"inLanguage":"fr-FR","potentialAction":[{"@type":"ReadAction","target":["https:\/\/genrontrucktrailer.com\/ar\/%d9%86%d8%a8%d8%b0%d8%a9-%d8%b9%d9%86%d8%a7\/"]}]},{"@type":"BreadcrumbList","@id":"https:\/\/genrontrucktrailer.com\/ar\/%d9%86%d8%a8%d8%b0%d8%a9-%d8%b9%d9%86%d8%a7\/#breadcrumb","itemListElement":[{"@type":"ListItem","position":1,"name":"Home","item":"https:\/\/genrontrucktrailer.com\/ar\/"},{"@type":"ListItem","position":2,"name":"About Us"}]},{"@type":"WebSite","@id":"https:\/\/genrontrucktrailer.com\/ar\/#website","url":"https:\/\/genrontrucktrailer.com\/ar\/","name":"Genron International Trade","description":"Genron International Trade est sp\u00e9cialis\u00e9e dans la fourniture de tous types de semi-remorques, tant pour la fabrication que pour la vente.","publisher":{"@id":"https:\/\/genrontrucktrailer.com\/ar\/#organization"},"potentialAction":[{"@type":"SearchAction","target":{"@type":"EntryPoint","urlTemplate":"https:\/\/genrontrucktrailer.com\/ar\/?s={search_term_string}"},"query-input":{"@type":"PropertyValueSpecification","valueRequired":true,"valueName":"search_term_string"}}],"inLanguage":"fr-FR"},{"@type":"Organization","@id":"https:\/\/genrontrucktrailer.com\/ar\/#organization","name":"Genron International Trade","url":"https:\/\/genrontrucktrailer.com\/ar\/","logo":{"@type":"ImageObject","inLanguage":"fr-FR","@id":"https:\/\/genrontrucktrailer.com\/ar\/#\/schema\/logo\/image\/","url":"https:\/\/genrontrucktrailer.com\/wp-content\/uploads\/2022\/04\/logo201911111655359700994.webp","contentUrl":"https:\/\/genrontrucktrailer.com\/wp-content\/uploads\/2022\/04\/logo201911111655359700994.webp","width":160,"height":90,"caption":"Genron International Trade"},"image":{"@id":"https:\/\/genrontrucktrailer.com\/ar\/#\/schema\/logo\/image\/"}}]}},"_links":{"self":[{"href":"https:\/\/genrontrucktrailer.com\/fr\/wp-json\/wp\/v2\/pages\/41","targetHints":{"allow":["GET"]}}],"collection":[{"href":"https:\/\/genrontrucktrailer.com\/fr\/wp-json\/wp\/v2\/pages"}],"about":[{"href":"https:\/\/genrontrucktrailer.com\/fr\/wp-json\/wp\/v2\/types\/page"}],"author":[{"embeddable":true,"href":"https:\/\/genrontrucktrailer.com\/fr\/wp-json\/wp\/v2\/users\/1"}],"replies":[{"embeddable":true,"href":"https:\/\/genrontrucktrailer.com\/fr\/wp-json\/wp\/v2\/comments?post=41"}],"version-history":[{"count":0,"href":"https:\/\/genrontrucktrailer.com\/fr\/wp-json\/wp\/v2\/pages\/41\/revisions"}],"wp:attachment":[{"href":"https:\/\/genrontrucktrailer.com\/fr\/wp-json\/wp\/v2\/media?parent=41"}],"curies":[{"name":"wp","href":"https:\/\/api.w.org\/{rel}","templated":true}]}}